{"id":878,"date":"2023-04-30T15:11:30","date_gmt":"2023-04-30T15:11:30","guid":{"rendered":"https:\/\/rcresidencesbaku.com\/lifestyle\/"},"modified":"2024-08-15T07:00:03","modified_gmt":"2024-08-15T07:00:03","slug":"lifestyle","status":"publish","type":"page","link":"https:\/\/rcresidencesbaku.com\/az\/lifestyle\/","title":{"rendered":"Lifestyle"},"content":{"rendered":"","protected":false},"excerpt":{"rendered":"","protected":false},"author":1,"featured_media":0,"parent":0,"menu_order":0,"comment_status":"closed","ping_status":"closed","template":"page-templates\/lifestyle.php","meta":{"_acf_changed":false,"inline_featured_image":false,"footnotes":""},"class_list":["post-878","page","type-page","status-publish","hentry"],"acf":[],"yoast_head":"<!-- This site is optimized with the Yoast SEO Premium plugin v25.0 (Yoast SEO v27.1.1) - https:\/\/yoast.com\/product\/yoast-seo-premium-wordpress\/ -->\n<title>Bak\u0131da L\u00fcks Ya\u015fam T\u0259rzi | The Ritz-Carlton, Bak\u0131<\/title>\n<meta name=\"description\" content=\"The Ritz-Carlton Bak\u0131da l\u00fcks ya\u015fam t\u0259rzini ya\u015fay\u0131n. Bak\u0131n\u0131n \u0259n yax\u015f\u0131 l\u00fcks m\u00fclkl\u0259rind\u0259 premium s\u0259viyy\u0259li h\u0259yat t\u0259rzi il\u0259 birlikd\u0259 ekskl\u00fcziv evl\u0259r t\u0259klif edirik.\" \/>\n<meta name=\"robots\" content=\"index, follow, max-snippet:-1, max-image-preview:large, max-video-preview:-1\" \/>\n<link rel=\"canonical\" href=\"https:\/\/rcresidencesbaku.com\/az\/lifestyle\/\" \/>\n<meta property=\"og:locale\" content=\"az_AZ\" \/>\n<meta property=\"og:type\" content=\"article\" \/>\n<meta property=\"og:title\" content=\"Lifestyle\" \/>\n<meta property=\"og:description\" content=\"The Ritz-Carlton Bak\u0131da l\u00fcks ya\u015fam t\u0259rzini ya\u015fay\u0131n. Bak\u0131n\u0131n \u0259n yax\u015f\u0131 l\u00fcks m\u00fclkl\u0259rind\u0259 premium s\u0259viyy\u0259li h\u0259yat t\u0259rzi il\u0259 birlikd\u0259 ekskl\u00fcziv evl\u0259r t\u0259klif edirik.\" \/>\n<meta property=\"og:url\" content=\"https:\/\/rcresidencesbaku.com\/az\/lifestyle\/\" \/>\n<meta property=\"og:site_name\" content=\"The Ritz-Carlton Residences\" \/>\n<meta property=\"article:publisher\" content=\"https:\/\/www.facebook.com\/theresidencesbaku\" \/>\n<meta property=\"article:modified_time\" content=\"2024-08-15T07:00:03+00:00\" \/>\n<meta name=\"twitter:card\" content=\"summary_large_image\" \/>\n<!-- \/ Yoast SEO Premium plugin. -->","yoast_head_json":{"title":"Bak\u0131da L\u00fcks Ya\u015fam T\u0259rzi | The Ritz-Carlton, Bak\u0131","description":"The Ritz-Carlton Bak\u0131da l\u00fcks ya\u015fam t\u0259rzini ya\u015fay\u0131n. Bak\u0131n\u0131n \u0259n yax\u015f\u0131 l\u00fcks m\u00fclkl\u0259rind\u0259 premium s\u0259viyy\u0259li h\u0259yat t\u0259rzi il\u0259 birlikd\u0259 ekskl\u00fcziv evl\u0259r t\u0259klif edirik.","robots":{"index":"index","follow":"follow","max-snippet":"max-snippet:-1","max-image-preview":"max-image-preview:large","max-video-preview":"max-video-preview:-1"},"canonical":"https:\/\/rcresidencesbaku.com\/az\/lifestyle\/","og_locale":"az_AZ","og_type":"article","og_title":"Lifestyle","og_description":"The Ritz-Carlton Bak\u0131da l\u00fcks ya\u015fam t\u0259rzini ya\u015fay\u0131n. Bak\u0131n\u0131n \u0259n yax\u015f\u0131 l\u00fcks m\u00fclkl\u0259rind\u0259 premium s\u0259viyy\u0259li h\u0259yat t\u0259rzi il\u0259 birlikd\u0259 ekskl\u00fcziv evl\u0259r t\u0259klif edirik.","og_url":"https:\/\/rcresidencesbaku.com\/az\/lifestyle\/","og_site_name":"The Ritz-Carlton Residences","article_publisher":"https:\/\/www.facebook.com\/theresidencesbaku","article_modified_time":"2024-08-15T07:00:03+00:00","twitter_card":"summary_large_image","schema":{"@context":"https:\/\/schema.org","@graph":[{"@type":"WebPage","@id":"https:\/\/rcresidencesbaku.com\/az\/lifestyle\/","url":"https:\/\/rcresidencesbaku.com\/az\/lifestyle\/","name":"Bak\u0131da L\u00fcks Ya\u015fam T\u0259rzi | The Ritz-Carlton, Bak\u0131","isPartOf":{"@id":"https:\/\/rcresidencesbaku.com\/en\/#website"},"datePublished":"2023-04-30T15:11:30+00:00","dateModified":"2024-08-15T07:00:03+00:00","description":"The Ritz-Carlton Bak\u0131da l\u00fcks ya\u015fam t\u0259rzini ya\u015fay\u0131n. Bak\u0131n\u0131n \u0259n yax\u015f\u0131 l\u00fcks m\u00fclkl\u0259rind\u0259 premium s\u0259viyy\u0259li h\u0259yat t\u0259rzi il\u0259 birlikd\u0259 ekskl\u00fcziv evl\u0259r t\u0259klif edirik.","breadcrumb":{"@id":"https:\/\/rcresidencesbaku.com\/az\/lifestyle\/#breadcrumb"},"inLanguage":"az","potentialAction":[{"@type":"ReadAction","target":["https:\/\/rcresidencesbaku.com\/az\/lifestyle\/"]}]},{"@type":"BreadcrumbList","@id":"https:\/\/rcresidencesbaku.com\/az\/lifestyle\/#breadcrumb","itemListElement":[{"@type":"ListItem","position":1,"name":"Home","item":"https:\/\/rcresidencesbaku.com\/az\/"},{"@type":"ListItem","position":2,"name":"Lifestyle"}]},{"@type":"WebSite","@id":"https:\/\/rcresidencesbaku.com\/en\/#website","url":"https:\/\/rcresidencesbaku.com\/en\/","name":"The Ritz-Carlton Residences","description":"","publisher":{"@id":"https:\/\/rcresidencesbaku.com\/en\/#organization"},"potentialAction":[{"@type":"SearchAction","target":{"@type":"EntryPoint","urlTemplate":"https:\/\/rcresidencesbaku.com\/en\/?s={search_term_string}"},"query-input":{"@type":"PropertyValueSpecification","valueRequired":true,"valueName":"search_term_string"}}],"inLanguage":"az"},{"@type":"Organization","@id":"https:\/\/rcresidencesbaku.com\/en\/#organization","name":"The Ritz-Carlton Residences","url":"https:\/\/rcresidencesbaku.com\/en\/","logo":{"@type":"ImageObject","inLanguage":"az","@id":"https:\/\/rcresidencesbaku.com\/en\/#\/schema\/logo\/image\/","url":"https:\/\/rcresidencesbaku.com\/wp-content\/uploads\/2024\/07\/Ritz-carlton-residences-baku.png","contentUrl":"https:\/\/rcresidencesbaku.com\/wp-content\/uploads\/2024\/07\/Ritz-carlton-residences-baku.png","width":225,"height":225,"caption":"The Ritz-Carlton Residences"},"image":{"@id":"https:\/\/rcresidencesbaku.com\/en\/#\/schema\/logo\/image\/"},"sameAs":["https:\/\/www.facebook.com\/theresidencesbaku"]}]}},"_links":{"self":[{"href":"https:\/\/rcresidencesbaku.com\/az\/wp-json\/wp\/v2\/pages\/878","targetHints":{"allow":["GET"]}}],"collection":[{"href":"https:\/\/rcresidencesbaku.com\/az\/wp-json\/wp\/v2\/pages"}],"about":[{"href":"https:\/\/rcresidencesbaku.com\/az\/wp-json\/wp\/v2\/types\/page"}],"author":[{"embeddable":true,"href":"https:\/\/rcresidencesbaku.com\/az\/wp-json\/wp\/v2\/users\/1"}],"replies":[{"embeddable":true,"href":"https:\/\/rcresidencesbaku.com\/az\/wp-json\/wp\/v2\/comments?post=878"}],"version-history":[{"count":6,"href":"https:\/\/rcresidencesbaku.com\/az\/wp-json\/wp\/v2\/pages\/878\/revisions"}],"predecessor-version":[{"id":1535,"href":"https:\/\/rcresidencesbaku.com\/az\/wp-json\/wp\/v2\/pages\/878\/revisions\/1535"}],"wp:attachment":[{"href":"https:\/\/rcresidencesbaku.com\/az\/wp-json\/wp\/v2\/media?parent=878"}],"curies":[{"name":"wp","href":"https:\/\/api.w.org\/{rel}","templated":true}]}}