{"id":891,"date":"2023-04-30T15:16:45","date_gmt":"2023-04-30T15:16:45","guid":{"rendered":"https:\/\/rcresidencesbaku.com\/lifestyle\/services\/"},"modified":"2025-05-13T11:57:34","modified_gmt":"2025-05-13T11:57:34","slug":"services","status":"publish","type":"page","link":"https:\/\/rcresidencesbaku.com\/az\/lifestyle\/services\/","title":{"rendered":"Services"},"content":{"rendered":"","protected":false},"excerpt":{"rendered":"","protected":false},"author":1,"featured_media":0,"parent":878,"menu_order":0,"comment_status":"closed","ping_status":"closed","template":"page-templates\/services.php","meta":{"_acf_changed":false,"inline_featured_image":false,"footnotes":""},"class_list":["post-891","page","type-page","status-publish","hentry"],"acf":[],"yoast_head":"<!-- This site is optimized with the Yoast SEO Premium plugin v25.0 (Yoast SEO v27.1.1) - https:\/\/yoast.com\/product\/yoast-seo-premium-wordpress\/ -->\n<title>L\u00fcks Ya\u015fay\u0131\u015f \u00dc\u00e7\u00fcn Premium Xidm\u0259tl\u0259r | The Ritz-Carlton, Bak\u0131<\/title>\n<meta name=\"description\" content=\"The Ritz-Carlton Bak\u0131-da premium xidm\u0259tl\u0259r m\u00f6vcuddur. L\u00fcks m\u00fcasir evl\u0259rimiz y\u00fcks\u0259k s\u0259viyy\u0259li ya\u015fay\u0131\u015f t\u0259cr\u00fcb\u0259nizi art\u0131rmaq \u00fc\u00e7\u00fcn y\u00fcks\u0259k s\u0259viyy\u0259li xidm\u0259tl\u0259r t\u0259klif edir.\" \/>\n<meta name=\"robots\" content=\"index, follow, max-snippet:-1, max-image-preview:large, max-video-preview:-1\" \/>\n<link rel=\"canonical\" href=\"https:\/\/rcresidencesbaku.com\/az\/lifestyle\/services\/\" \/>\n<meta property=\"og:locale\" content=\"az_AZ\" \/>\n<meta property=\"og:type\" content=\"article\" \/>\n<meta property=\"og:title\" content=\"Services\" \/>\n<meta property=\"og:description\" content=\"The Ritz-Carlton Bak\u0131-da premium xidm\u0259tl\u0259r m\u00f6vcuddur. L\u00fcks m\u00fcasir evl\u0259rimiz y\u00fcks\u0259k s\u0259viyy\u0259li ya\u015fay\u0131\u015f t\u0259cr\u00fcb\u0259nizi art\u0131rmaq \u00fc\u00e7\u00fcn y\u00fcks\u0259k s\u0259viyy\u0259li xidm\u0259tl\u0259r t\u0259klif edir.\" \/>\n<meta property=\"og:url\" content=\"https:\/\/rcresidencesbaku.com\/az\/lifestyle\/services\/\" \/>\n<meta property=\"og:site_name\" content=\"The Ritz-Carlton Residences\" \/>\n<meta property=\"article:publisher\" content=\"https:\/\/www.facebook.com\/theresidencesbaku\" \/>\n<meta property=\"article:modified_time\" content=\"2025-05-13T11:57:34+00:00\" \/>\n<meta name=\"twitter:card\" content=\"summary_large_image\" \/>\n<!-- \/ Yoast SEO Premium plugin. -->","yoast_head_json":{"title":"L\u00fcks Ya\u015fay\u0131\u015f \u00dc\u00e7\u00fcn Premium Xidm\u0259tl\u0259r | The Ritz-Carlton, Bak\u0131","description":"The Ritz-Carlton Bak\u0131-da premium xidm\u0259tl\u0259r m\u00f6vcuddur. L\u00fcks m\u00fcasir evl\u0259rimiz y\u00fcks\u0259k s\u0259viyy\u0259li ya\u015fay\u0131\u015f t\u0259cr\u00fcb\u0259nizi art\u0131rmaq \u00fc\u00e7\u00fcn y\u00fcks\u0259k s\u0259viyy\u0259li xidm\u0259tl\u0259r t\u0259klif edir.","robots":{"index":"index","follow":"follow","max-snippet":"max-snippet:-1","max-image-preview":"max-image-preview:large","max-video-preview":"max-video-preview:-1"},"canonical":"https:\/\/rcresidencesbaku.com\/az\/lifestyle\/services\/","og_locale":"az_AZ","og_type":"article","og_title":"Services","og_description":"The Ritz-Carlton Bak\u0131-da premium xidm\u0259tl\u0259r m\u00f6vcuddur. L\u00fcks m\u00fcasir evl\u0259rimiz y\u00fcks\u0259k s\u0259viyy\u0259li ya\u015fay\u0131\u015f t\u0259cr\u00fcb\u0259nizi art\u0131rmaq \u00fc\u00e7\u00fcn y\u00fcks\u0259k s\u0259viyy\u0259li xidm\u0259tl\u0259r t\u0259klif edir.","og_url":"https:\/\/rcresidencesbaku.com\/az\/lifestyle\/services\/","og_site_name":"The Ritz-Carlton Residences","article_publisher":"https:\/\/www.facebook.com\/theresidencesbaku","article_modified_time":"2025-05-13T11:57:34+00:00","twitter_card":"summary_large_image","schema":{"@context":"https:\/\/schema.org","@graph":[{"@type":"WebPage","@id":"https:\/\/rcresidencesbaku.com\/az\/lifestyle\/services\/","url":"https:\/\/rcresidencesbaku.com\/az\/lifestyle\/services\/","name":"L\u00fcks Ya\u015fay\u0131\u015f \u00dc\u00e7\u00fcn Premium Xidm\u0259tl\u0259r | The Ritz-Carlton, Bak\u0131","isPartOf":{"@id":"https:\/\/rcresidencesbaku.com\/en\/#website"},"datePublished":"2023-04-30T15:16:45+00:00","dateModified":"2025-05-13T11:57:34+00:00","description":"The Ritz-Carlton Bak\u0131-da premium xidm\u0259tl\u0259r m\u00f6vcuddur. L\u00fcks m\u00fcasir evl\u0259rimiz y\u00fcks\u0259k s\u0259viyy\u0259li ya\u015fay\u0131\u015f t\u0259cr\u00fcb\u0259nizi art\u0131rmaq \u00fc\u00e7\u00fcn y\u00fcks\u0259k s\u0259viyy\u0259li xidm\u0259tl\u0259r t\u0259klif edir.","breadcrumb":{"@id":"https:\/\/rcresidencesbaku.com\/az\/lifestyle\/services\/#breadcrumb"},"inLanguage":"az","potentialAction":[{"@type":"ReadAction","target":["https:\/\/rcresidencesbaku.com\/az\/lifestyle\/services\/"]}]},{"@type":"BreadcrumbList","@id":"https:\/\/rcresidencesbaku.com\/az\/lifestyle\/services\/#breadcrumb","itemListElement":[{"@type":"ListItem","position":1,"name":"Home","item":"https:\/\/rcresidencesbaku.com\/az\/"},{"@type":"ListItem","position":2,"name":"Lifestyle","item":"https:\/\/rcresidencesbaku.com\/az\/lifestyle\/"},{"@type":"ListItem","position":3,"name":"Services"}]},{"@type":"WebSite","@id":"https:\/\/rcresidencesbaku.com\/en\/#website","url":"https:\/\/rcresidencesbaku.com\/en\/","name":"The Ritz-Carlton Residences","description":"","publisher":{"@id":"https:\/\/rcresidencesbaku.com\/en\/#organization"},"potentialAction":[{"@type":"SearchAction","target":{"@type":"EntryPoint","urlTemplate":"https:\/\/rcresidencesbaku.com\/en\/?s={search_term_string}"},"query-input":{"@type":"PropertyValueSpecification","valueRequired":true,"valueName":"search_term_string"}}],"inLanguage":"az"},{"@type":"Organization","@id":"https:\/\/rcresidencesbaku.com\/en\/#organization","name":"The Ritz-Carlton Residences","url":"https:\/\/rcresidencesbaku.com\/en\/","logo":{"@type":"ImageObject","inLanguage":"az","@id":"https:\/\/rcresidencesbaku.com\/en\/#\/schema\/logo\/image\/","url":"https:\/\/rcresidencesbaku.com\/wp-content\/uploads\/2024\/07\/Ritz-carlton-residences-baku.png","contentUrl":"https:\/\/rcresidencesbaku.com\/wp-content\/uploads\/2024\/07\/Ritz-carlton-residences-baku.png","width":225,"height":225,"caption":"The Ritz-Carlton Residences"},"image":{"@id":"https:\/\/rcresidencesbaku.com\/en\/#\/schema\/logo\/image\/"},"sameAs":["https:\/\/www.facebook.com\/theresidencesbaku"]}]}},"_links":{"self":[{"href":"https:\/\/rcresidencesbaku.com\/az\/wp-json\/wp\/v2\/pages\/891","targetHints":{"allow":["GET"]}}],"collection":[{"href":"https:\/\/rcresidencesbaku.com\/az\/wp-json\/wp\/v2\/pages"}],"about":[{"href":"https:\/\/rcresidencesbaku.com\/az\/wp-json\/wp\/v2\/types\/page"}],"author":[{"embeddable":true,"href":"https:\/\/rcresidencesbaku.com\/az\/wp-json\/wp\/v2\/users\/1"}],"replies":[{"embeddable":true,"href":"https:\/\/rcresidencesbaku.com\/az\/wp-json\/wp\/v2\/comments?post=891"}],"version-history":[{"count":11,"href":"https:\/\/rcresidencesbaku.com\/az\/wp-json\/wp\/v2\/pages\/891\/revisions"}],"predecessor-version":[{"id":2085,"href":"https:\/\/rcresidencesbaku.com\/az\/wp-json\/wp\/v2\/pages\/891\/revisions\/2085"}],"up":[{"embeddable":true,"href":"https:\/\/rcresidencesbaku.com\/az\/wp-json\/wp\/v2\/pages\/878"}],"wp:attachment":[{"href":"https:\/\/rcresidencesbaku.com\/az\/wp-json\/wp\/v2\/media?parent=891"}],"curies":[{"name":"wp","href":"https:\/\/api.w.org\/{rel}","templated":true}]}}