{"id":931,"date":"2023-04-30T15:17:03","date_gmt":"2023-04-30T15:17:03","guid":{"rendered":"https:\/\/rcresidencesbaku.com\/baku\/the-city\/"},"modified":"2024-08-15T07:06:29","modified_gmt":"2024-08-15T07:06:29","slug":"the-city","status":"publish","type":"page","link":"https:\/\/rcresidencesbaku.com\/az\/baku\/the-city\/","title":{"rendered":"The City"},"content":{"rendered":"","protected":false},"excerpt":{"rendered":"","protected":false},"author":1,"featured_media":0,"parent":925,"menu_order":0,"comment_status":"closed","ping_status":"closed","template":"page-templates\/the-city.php","meta":{"_acf_changed":false,"inline_featured_image":false,"footnotes":""},"class_list":["post-931","page","type-page","status-publish","hentry"],"acf":[],"yoast_head":"<!-- This site is optimized with the Yoast SEO Premium plugin v25.0 (Yoast SEO v27.1.1) - https:\/\/yoast.com\/product\/yoast-seo-premium-wordpress\/ -->\n<title>L\u00fcks Ya\u015fay\u0131\u015f\u0131n \u015e\u0259h\u0259ri | The Ritz-Carlton, Bak\u0131<\/title>\n<meta name=\"description\" content=\"The Ritz-Carlton l\u00fcks ya\u015fay\u0131\u015f yerl\u0259rinin evidir. \u015e\u0259h\u0259rin canl\u0131 h\u0259yat t\u0259rzi, premium ya\u015fay\u0131\u015f yerl\u0259ri v\u0259 ekskl\u00fcziv Ritz-Carlton evl\u0259ri xidm\u0259tinizd\u0259dir.\" \/>\n<meta name=\"robots\" content=\"index, follow, max-snippet:-1, max-image-preview:large, max-video-preview:-1\" \/>\n<link rel=\"canonical\" href=\"https:\/\/rcresidencesbaku.com\/az\/baku\/the-city\/\" \/>\n<meta property=\"og:locale\" content=\"az_AZ\" \/>\n<meta property=\"og:type\" content=\"article\" \/>\n<meta property=\"og:title\" content=\"The City\" \/>\n<meta property=\"og:description\" content=\"The Ritz-Carlton l\u00fcks ya\u015fay\u0131\u015f yerl\u0259rinin evidir. \u015e\u0259h\u0259rin canl\u0131 h\u0259yat t\u0259rzi, premium ya\u015fay\u0131\u015f yerl\u0259ri v\u0259 ekskl\u00fcziv Ritz-Carlton evl\u0259ri xidm\u0259tinizd\u0259dir.\" \/>\n<meta property=\"og:url\" content=\"https:\/\/rcresidencesbaku.com\/az\/baku\/the-city\/\" \/>\n<meta property=\"og:site_name\" content=\"The Ritz-Carlton Residences\" \/>\n<meta property=\"article:publisher\" content=\"https:\/\/www.facebook.com\/theresidencesbaku\" \/>\n<meta property=\"article:modified_time\" content=\"2024-08-15T07:06:29+00:00\" \/>\n<meta name=\"twitter:card\" content=\"summary_large_image\" \/>\n<!-- \/ Yoast SEO Premium plugin. -->","yoast_head_json":{"title":"L\u00fcks Ya\u015fay\u0131\u015f\u0131n \u015e\u0259h\u0259ri | The Ritz-Carlton, Bak\u0131","description":"The Ritz-Carlton l\u00fcks ya\u015fay\u0131\u015f yerl\u0259rinin evidir. \u015e\u0259h\u0259rin canl\u0131 h\u0259yat t\u0259rzi, premium ya\u015fay\u0131\u015f yerl\u0259ri v\u0259 ekskl\u00fcziv Ritz-Carlton evl\u0259ri xidm\u0259tinizd\u0259dir.","robots":{"index":"index","follow":"follow","max-snippet":"max-snippet:-1","max-image-preview":"max-image-preview:large","max-video-preview":"max-video-preview:-1"},"canonical":"https:\/\/rcresidencesbaku.com\/az\/baku\/the-city\/","og_locale":"az_AZ","og_type":"article","og_title":"The City","og_description":"The Ritz-Carlton l\u00fcks ya\u015fay\u0131\u015f yerl\u0259rinin evidir. \u015e\u0259h\u0259rin canl\u0131 h\u0259yat t\u0259rzi, premium ya\u015fay\u0131\u015f yerl\u0259ri v\u0259 ekskl\u00fcziv Ritz-Carlton evl\u0259ri xidm\u0259tinizd\u0259dir.","og_url":"https:\/\/rcresidencesbaku.com\/az\/baku\/the-city\/","og_site_name":"The Ritz-Carlton Residences","article_publisher":"https:\/\/www.facebook.com\/theresidencesbaku","article_modified_time":"2024-08-15T07:06:29+00:00","twitter_card":"summary_large_image","schema":{"@context":"https:\/\/schema.org","@graph":[{"@type":"WebPage","@id":"https:\/\/rcresidencesbaku.com\/az\/baku\/the-city\/","url":"https:\/\/rcresidencesbaku.com\/az\/baku\/the-city\/","name":"L\u00fcks Ya\u015fay\u0131\u015f\u0131n \u015e\u0259h\u0259ri | The Ritz-Carlton, Bak\u0131","isPartOf":{"@id":"https:\/\/rcresidencesbaku.com\/en\/#website"},"datePublished":"2023-04-30T15:17:03+00:00","dateModified":"2024-08-15T07:06:29+00:00","description":"The Ritz-Carlton l\u00fcks ya\u015fay\u0131\u015f yerl\u0259rinin evidir. \u015e\u0259h\u0259rin canl\u0131 h\u0259yat t\u0259rzi, premium ya\u015fay\u0131\u015f yerl\u0259ri v\u0259 ekskl\u00fcziv Ritz-Carlton evl\u0259ri xidm\u0259tinizd\u0259dir.","breadcrumb":{"@id":"https:\/\/rcresidencesbaku.com\/az\/baku\/the-city\/#breadcrumb"},"inLanguage":"az","potentialAction":[{"@type":"ReadAction","target":["https:\/\/rcresidencesbaku.com\/az\/baku\/the-city\/"]}]},{"@type":"BreadcrumbList","@id":"https:\/\/rcresidencesbaku.com\/az\/baku\/the-city\/#breadcrumb","itemListElement":[{"@type":"ListItem","position":1,"name":"Home","item":"https:\/\/rcresidencesbaku.com\/az\/"},{"@type":"ListItem","position":2,"name":"Baku","item":"https:\/\/rcresidencesbaku.com\/az\/baku\/"},{"@type":"ListItem","position":3,"name":"The City"}]},{"@type":"WebSite","@id":"https:\/\/rcresidencesbaku.com\/en\/#website","url":"https:\/\/rcresidencesbaku.com\/en\/","name":"The Ritz-Carlton Residences","description":"","publisher":{"@id":"https:\/\/rcresidencesbaku.com\/en\/#organization"},"potentialAction":[{"@type":"SearchAction","target":{"@type":"EntryPoint","urlTemplate":"https:\/\/rcresidencesbaku.com\/en\/?s={search_term_string}"},"query-input":{"@type":"PropertyValueSpecification","valueRequired":true,"valueName":"search_term_string"}}],"inLanguage":"az"},{"@type":"Organization","@id":"https:\/\/rcresidencesbaku.com\/en\/#organization","name":"The Ritz-Carlton Residences","url":"https:\/\/rcresidencesbaku.com\/en\/","logo":{"@type":"ImageObject","inLanguage":"az","@id":"https:\/\/rcresidencesbaku.com\/en\/#\/schema\/logo\/image\/","url":"https:\/\/rcresidencesbaku.com\/wp-content\/uploads\/2024\/07\/Ritz-carlton-residences-baku.png","contentUrl":"https:\/\/rcresidencesbaku.com\/wp-content\/uploads\/2024\/07\/Ritz-carlton-residences-baku.png","width":225,"height":225,"caption":"The Ritz-Carlton Residences"},"image":{"@id":"https:\/\/rcresidencesbaku.com\/en\/#\/schema\/logo\/image\/"},"sameAs":["https:\/\/www.facebook.com\/theresidencesbaku"]}]}},"_links":{"self":[{"href":"https:\/\/rcresidencesbaku.com\/az\/wp-json\/wp\/v2\/pages\/931","targetHints":{"allow":["GET"]}}],"collection":[{"href":"https:\/\/rcresidencesbaku.com\/az\/wp-json\/wp\/v2\/pages"}],"about":[{"href":"https:\/\/rcresidencesbaku.com\/az\/wp-json\/wp\/v2\/types\/page"}],"author":[{"embeddable":true,"href":"https:\/\/rcresidencesbaku.com\/az\/wp-json\/wp\/v2\/users\/1"}],"replies":[{"embeddable":true,"href":"https:\/\/rcresidencesbaku.com\/az\/wp-json\/wp\/v2\/comments?post=931"}],"version-history":[{"count":6,"href":"https:\/\/rcresidencesbaku.com\/az\/wp-json\/wp\/v2\/pages\/931\/revisions"}],"predecessor-version":[{"id":1539,"href":"https:\/\/rcresidencesbaku.com\/az\/wp-json\/wp\/v2\/pages\/931\/revisions\/1539"}],"up":[{"embeddable":true,"href":"https:\/\/rcresidencesbaku.com\/az\/wp-json\/wp\/v2\/pages\/925"}],"wp:attachment":[{"href":"https:\/\/rcresidencesbaku.com\/az\/wp-json\/wp\/v2\/media?parent=931"}],"curies":[{"name":"wp","href":"https:\/\/api.w.org\/{rel}","templated":true}]}}